{"id":16,"date":"2023-01-20T12:44:20","date_gmt":"2023-01-20T11:44:20","guid":{"rendered":"http:\/\/smksysn.cluster030.hosting.ovh.net\/?page_id=16"},"modified":"2023-01-24T00:08:18","modified_gmt":"2023-01-24T00:08:18","slug":"nos-services","status":"publish","type":"page","link":"https:\/\/smksystemes.com\/index.php\/nos-services\/","title":{"rendered":"Nos services"},"content":{"rendered":"<h2 class=\"wp-block-heading\">G\u00e9olocalisation en temps r\u00e9\u00e9l <\/h2><div class=\"wp-block-columns is-layout-flex wp-container-core-columns-is-layout-9d6595d7 wp-block-columns-is-layout-flex\"><div class=\"wp-block-column is-layout-flow wp-block-column-is-layout-flow\"><figure class=\"wp-block-image size-full\"><img loading=\"lazy\" decoding=\"async\" width=\"612\" height=\"306\" src=\"http:\/\/smksysn.cluster030.hosting.ovh.net\/wp-content\/uploads\/2023\/01\/devices.jpeg\" alt=\"\" class=\"wp-image-136\" srcset=\"https:\/\/smksystemes.com\/wp-content\/uploads\/2023\/01\/devices.jpeg 612w, https:\/\/smksystemes.com\/wp-content\/uploads\/2023\/01\/devices-600x300.jpeg 600w, https:\/\/smksystemes.com\/wp-content\/uploads\/2023\/01\/devices-300x150.jpeg 300w\" sizes=\"auto, (max-width: 612px) 100vw, 612px\" \/><\/figure><\/div>\n\n<div class=\"wp-block-column is-layout-flow wp-block-column-is-layout-flow\"><p>G\u00e9olocalisez vos v\u00e9hicules en temps r\u00e9\u00e9l sur notre application disponible sur mobile, tablette ou Ordinateur. Tous vos v\u00e9hicules sont positionn\u00e9s sur la carte google maps avec l&rsquo;adresse de leur position, les d\u00e9placements peuvent \u00e9tre suivis en temps r\u00e9\u00e9l avec la vitesse de d\u00e9placement. <\/p><\/div><\/div><p>Cr\u00e9er des p\u00e9rim\u00e8tres g\u00e9ographiques (geofences) et recevoir des alertes d\u00e8s que le v\u00e9hicule entre ou sort de ces p\u00e9rim\u00e8tres. Vous pouvez \u00e9galement identifier les endroits importants pour votre activit\u00e9 (POI ou point of interest) de telle sorte de recevoir des notifications si un v\u00e9hicule s&rsquo;arr\u00eate non loin de cet endroit. Affichez l&rsquo;\u00e9tat du traffic en temps r\u00e9\u00e9l pour mieux piloter vos \u00e9quipes sur le terrain.<\/p><p>Vous pouvez rejouer l&rsquo;historique de tous les d\u00e9placements et de tous les \u00e9v\u00e9nements jusqu&rsquo;\u00e0 un an d&rsquo;historique disponible. <\/p><h2 class=\"wp-block-heading\">Gestion du carburant<\/h2><div class=\"wp-block-columns is-layout-flex wp-container-core-columns-is-layout-9d6595d7 wp-block-columns-is-layout-flex\"><div class=\"wp-block-column is-layout-flow wp-block-column-is-layout-flow\"><figure class=\"wp-block-image size-full\"><img loading=\"lazy\" decoding=\"async\" width=\"240\" height=\"240\" src=\"http:\/\/smksysn.cluster030.hosting.ovh.net\/wp-content\/uploads\/2023\/01\/fuel.jpg\" alt=\"\" class=\"wp-image-119\" srcset=\"https:\/\/smksystemes.com\/wp-content\/uploads\/2023\/01\/fuel.jpg 240w, https:\/\/smksystemes.com\/wp-content\/uploads\/2023\/01\/fuel-100x100.jpg 100w, https:\/\/smksystemes.com\/wp-content\/uploads\/2023\/01\/fuel-150x150.jpg 150w\" sizes=\"auto, (max-width: 240px) 100vw, 240px\" \/><\/figure><\/div>\n\n<div class=\"wp-block-column is-layout-flow wp-block-column-is-layout-flow\"><p>Comme nous le savons tous, le carburant constitue le principal poste de d\u00e9penses dans l&rsquo;exploitation d&rsquo;une flotte de v\u00e9hicules de tourisme ou de camions. Avec notre syst\u00e8me GPS Secur&rsquo;, suivez le niveau du carburant en temps r\u00e9\u00e9l*.<\/p>\n\n<p>Sans avoir \u00e0 percer votre r\u00e9servoir vous aurez l&rsquo;information sur le niveau de carburant en temps r\u00e9\u00e9l ainsi que la consommation totale pour chaque v\u00e9hicule.<\/p><\/div><\/div><p>Recevez des alertes en cas des alertes en cas de remplissage ou de vol de carburant. <\/p><p>Notez toutes vos d\u00e9penses de carburant sur notre plateforme et retrouver l&rsquo;historique de toutes les d\u00e9penses en carburant par v\u00e9hicule.<\/p><p>G\u00e9n\u00e9rer des rapports avec tous les remplissages de carburant, les vols de carburant, l&rsquo;\u00e9volution du niveau de carburant ou la consommation et le co\u00fbt sur une p\u00e9riode donn\u00e9e.<\/p><h2 class=\"wp-block-heading\">Gestion des co\u00fbts<\/h2><div class=\"wp-block-columns is-layout-flex wp-container-core-columns-is-layout-9d6595d7 wp-block-columns-is-layout-flex\"><div class=\"wp-block-column is-layout-flow wp-block-column-is-layout-flow\" style=\"flex-basis:33.33%\"><figure class=\"wp-block-image size-full\"><img loading=\"lazy\" decoding=\"async\" width=\"589\" height=\"589\" src=\"http:\/\/smksysn.cluster030.hosting.ovh.net\/wp-content\/uploads\/2023\/01\/Capture-decran-2023-01-24-a-00.07.38.png\" alt=\"\" class=\"wp-image-141\" srcset=\"https:\/\/smksystemes.com\/wp-content\/uploads\/2023\/01\/Capture-decran-2023-01-24-a-00.07.38.png 589w, https:\/\/smksystemes.com\/wp-content\/uploads\/2023\/01\/Capture-decran-2023-01-24-a-00.07.38-300x300.png 300w, https:\/\/smksystemes.com\/wp-content\/uploads\/2023\/01\/Capture-decran-2023-01-24-a-00.07.38-100x100.png 100w, https:\/\/smksystemes.com\/wp-content\/uploads\/2023\/01\/Capture-decran-2023-01-24-a-00.07.38-150x150.png 150w\" sizes=\"auto, (max-width: 589px) 100vw, 589px\" \/><\/figure><\/div>\n\n<div class=\"wp-block-column is-layout-flow wp-block-column-is-layout-flow\" style=\"flex-basis:66.66%\"><p>Le carburant n&rsquo;\u00e9tant pas le seul poste de d\u00e9penses, il nous faut \u00e9galement suivre toutes les autres d\u00e9penses li\u00e9es \u00e0 l&rsquo;exploitation de la flotte parmi ceux l\u00e0: les r\u00e9parations purement m\u00e9caniques, l&rsquo;entretien, la vidange etc&#8230;<\/p>\n\n<p>Vous pouvez saisir toutes les d\u00e9penses par v\u00e9hicule et recevoir des rapports automatiquement par mail avec la p\u00e9riodicit\u00e9 choisie: quotidien, hebdomadaire, mensuel etc&#8230;<\/p><\/div><\/div><div class=\"wp-block-columns is-layout-flex wp-container-core-columns-is-layout-9d6595d7 wp-block-columns-is-layout-flex\"><div class=\"wp-block-column is-layout-flow wp-block-column-is-layout-flow\"><p><\/p><\/div><\/div>","protected":false},"excerpt":{"rendered":"<p>G\u00e9olocalisation en temps r\u00e9\u00e9l G\u00e9olocalisez vos v\u00e9hicules en temps r\u00e9\u00e9l sur notre application disponible sur mobile, tablette ou Ordinateur. Tous vos v\u00e9hicules sont positionn\u00e9s sur la carte google maps avec l&rsquo;adresse de leur position, les d\u00e9placements peuvent \u00e9tre suivis en temps r\u00e9\u00e9l avec la vitesse de d\u00e9placement. Cr\u00e9er des p\u00e9rim\u00e8tres g\u00e9ographiques (geofences) et recevoir des [&hellip;]<\/p>\n","protected":false},"author":1,"featured_media":0,"parent":0,"menu_order":0,"comment_status":"closed","ping_status":"closed","template":"","meta":{"footnotes":""},"class_list":["post-16","page","type-page","status-publish","hentry"],"_links":{"self":[{"href":"https:\/\/smksystemes.com\/index.php\/wp-json\/wp\/v2\/pages\/16","targetHints":{"allow":["GET"]}}],"collection":[{"href":"https:\/\/smksystemes.com\/index.php\/wp-json\/wp\/v2\/pages"}],"about":[{"href":"https:\/\/smksystemes.com\/index.php\/wp-json\/wp\/v2\/types\/page"}],"author":[{"embeddable":true,"href":"https:\/\/smksystemes.com\/index.php\/wp-json\/wp\/v2\/users\/1"}],"replies":[{"embeddable":true,"href":"https:\/\/smksystemes.com\/index.php\/wp-json\/wp\/v2\/comments?post=16"}],"version-history":[{"count":10,"href":"https:\/\/smksystemes.com\/index.php\/wp-json\/wp\/v2\/pages\/16\/revisions"}],"predecessor-version":[{"id":179,"href":"https:\/\/smksystemes.com\/index.php\/wp-json\/wp\/v2\/pages\/16\/revisions\/179"}],"wp:attachment":[{"href":"https:\/\/smksystemes.com\/index.php\/wp-json\/wp\/v2\/media?parent=16"}],"curies":[{"name":"wp","href":"https:\/\/api.w.org\/{rel}","templated":true}]}}